{"id":29309,"date":"2017-01-25T06:03:16","date_gmt":"2017-01-25T03:03:16","guid":{"rendered":"https:\/\/axisafricasafaris.com\/cuardaigh-turais\/"},"modified":"2025-05-08T13:32:44","modified_gmt":"2025-05-08T10:32:44","slug":"cuardaigh-turais","status":"publish","type":"page","link":"https:\/\/axisafricasafaris.com\/ga\/cuardaigh-turais\/","title":{"rendered":"Cuardaigh Turais"},"content":{"rendered":"\n<p>Ar mhaith leat eachtra saoil a bheith agat le safari sa Tans\u00e1in? Is \u00e9 Axis Africa Safaris an comhlacht turas\u00f3ireachta is fearr le bheith i gcomhph\u00e1irt\u00edocht leis. Tabharfaimid aire do gach l\u00f3ist\u00edocht, agus t\u00fa ag d\u00edri\u00fa ar an \u00e9ags\u00falacht fiadh\u00falra, ar an gcult\u00far dochreidte chomh maith le t\u00edrdhreacha iontacha. Cib\u00e9 an taisteala\u00ed den ch\u00e9ad uair th\u00fa n\u00f3 taisc\u00e9ala\u00ed taith\u00ed, cinnt\u00edonn an Safari san Afraic sa Tans\u00e1in turas cuimhneach\u00e1in.   <\/p>\n\n<p>C\u00e9n f\u00e1th ar ch\u00f3ir duit turas safari Afracach na Tans\u00e1ine a roghn\u00fa? Gheobhaidh t\u00fa an deis f\u00e9achaint ar na C\u00faig Mh\u00f3ra ar n\u00f3s na leoin ina ngn\u00e1th\u00f3g n\u00e1d\u00fartha, na machair\u00ed, an Serengeti fairsing chomh maith le Sliabh Kilimanjaro m\u00f3r. Cuireann safari na Tans\u00e1ine an chuid is fearr den d\u00falra ar f\u00e1il duit i gceann de na cinn scr\u00edbe safari is fearr san Afraic agus tr\u00ed chomhph\u00e1irt\u00edocht len\u00e1r gcuideachta, t\u00e1 t\u00fa cinnte go bhfaighidh t\u00fa an taith\u00ed is fearr.  <\/p>\n\n<p>T\u00e1 \u00e1r bpac\u00e1iste safari Afracach sa Tans\u00e1in curtha le ch\u00e9ile go maith le haghaidh compord agus eachtra\u00edochta. T\u00e1 treoraithe a bhfuil taith\u00ed acu againn a threora\u00edonn t\u00fa ar feadh an turais ar fad. Cib\u00e9 an bhfuil t\u00fa ag breathn\u00fa ar an Imirce Mh\u00f3r n\u00f3 ag breathn\u00fa ar lu\u00ed na gr\u00e9ine thar an sabh\u00e1na, cuireann Safari san Afraic sa Tans\u00e1in eisp\u00e9ireas eisceacht\u00fail ar f\u00e1il.  <\/p>\n\n<p>N\u00e1 caill an deis seo. Cuir d\u2019\u00e1irithint ar do shafari Afracach sa Tans\u00e1in inniu agus lig d\u00fainn sonra\u00ed an turais a eagr\u00fa duit. Gheobhaidh t\u00fa an deis a thuiscint c\u00e9n f\u00e1th a meastar gur buaicphointe taisc\u00e9ala\u00edochta fiadh\u00falra na Tans\u00e1ine iad safari. Le Axis Africa Safaris, tumfaidh t\u00fa t\u00fa f\u00e9in i m\u00edor\u00failt agus i n-\u00e1illeacht eisp\u00e9ireas bar\u00e1nt\u00fail Safari san Afraic sa Tans\u00e1in.   <\/p>\n","protected":false},"excerpt":{"rendered":"<p>Ar mhaith leat eachtra saoil a bheith agat le safari sa Tans\u00e1in? Is \u00e9 Axis Africa Safaris an comhlacht turas\u00f3ireachta is fearr le bheith i gcomhph\u00e1irt\u00edocht leis. Tabharfaimid aire do gach l\u00f3ist\u00edocht, agus t\u00fa ag d\u00edri\u00fa ar an \u00e9ags\u00falacht fiadh\u00falra, ar an gcult\u00far dochreidte chomh maith le t\u00edrdhreacha iontacha. Cib\u00e9 an taisteala\u00ed den ch\u00e9ad uair [&hellip;]<\/p>\n","protected":false},"author":1,"featured_media":0,"parent":0,"menu_order":0,"comment_status":"closed","ping_status":"closed","template":"","meta":{"footnotes":""},"class_list":["post-29309","page","type-page","status-publish","hentry"],"yoast_head":"<!-- This site is optimized with the Yoast SEO plugin v27.4 - https:\/\/yoast.com\/product\/yoast-seo-wordpress\/ -->\n<title>Safaris na Tans\u00e1ine | Safari Afracach na Tans\u00e1ine<\/title>\n<meta name=\"description\" content=\"Faigh amach an taith\u00ed safari Afracach is fearr sa Tans\u00e1in. D\u00e9an ini\u00fachadh ar shafar\u00ed iontacha na Tans\u00e1ine le haghaidh eachtra nach mbeidh aon duine i nd\u00e1n duit. Cuir d\u2019\u00e1irithint in \u00e1irithe anois!\" \/>\n<meta name=\"robots\" content=\"index, follow, max-snippet:-1, max-image-preview:large, max-video-preview:-1\" \/>\n<link rel=\"canonical\" href=\"https:\/\/axisafricasafaris.com\/ga\/cuardaigh-turais\/\" \/>\n<meta property=\"og:locale\" content=\"ga_IE\" \/>\n<meta property=\"og:type\" content=\"article\" \/>\n<meta property=\"og:title\" content=\"Safaris na Tans\u00e1ine | Safari Afracach na Tans\u00e1ine\" \/>\n<meta property=\"og:description\" content=\"Faigh amach an taith\u00ed safari Afracach is fearr sa Tans\u00e1in. D\u00e9an ini\u00fachadh ar shafar\u00ed iontacha na Tans\u00e1ine le haghaidh eachtra nach mbeidh aon duine i nd\u00e1n duit. Cuir d\u2019\u00e1irithint in \u00e1irithe anois!\" \/>\n<meta property=\"og:url\" content=\"https:\/\/axisafricasafaris.com\/ga\/cuardaigh-turais\/\" \/>\n<meta property=\"og:site_name\" content=\"Axis Africa Safaris\" \/>\n<meta property=\"article:publisher\" content=\"https:\/\/www.facebook.com\/people\/AXIS-Africa-Safaris\/100063579925901\/\" \/>\n<meta property=\"article:modified_time\" content=\"2025-05-08T10:32:44+00:00\" \/>\n<meta name=\"twitter:card\" content=\"summary_large_image\" \/>\n<meta name=\"twitter:label1\" content=\"Est. reading time\" \/>\n\t<meta name=\"twitter:data1\" content=\"2 minutes\" \/>\n<!-- \/ Yoast SEO plugin. -->","yoast_head_json":{"title":"Safaris na Tans\u00e1ine | Safari Afracach na Tans\u00e1ine","description":"Faigh amach an taith\u00ed safari Afracach is fearr sa Tans\u00e1in. D\u00e9an ini\u00fachadh ar shafar\u00ed iontacha na Tans\u00e1ine le haghaidh eachtra nach mbeidh aon duine i nd\u00e1n duit. Cuir d\u2019\u00e1irithint in \u00e1irithe anois!","robots":{"index":"index","follow":"follow","max-snippet":"max-snippet:-1","max-image-preview":"max-image-preview:large","max-video-preview":"max-video-preview:-1"},"canonical":"https:\/\/axisafricasafaris.com\/ga\/cuardaigh-turais\/","og_locale":"ga_IE","og_type":"article","og_title":"Safaris na Tans\u00e1ine | Safari Afracach na Tans\u00e1ine","og_description":"Faigh amach an taith\u00ed safari Afracach is fearr sa Tans\u00e1in. D\u00e9an ini\u00fachadh ar shafar\u00ed iontacha na Tans\u00e1ine le haghaidh eachtra nach mbeidh aon duine i nd\u00e1n duit. Cuir d\u2019\u00e1irithint in \u00e1irithe anois!","og_url":"https:\/\/axisafricasafaris.com\/ga\/cuardaigh-turais\/","og_site_name":"Axis Africa Safaris","article_publisher":"https:\/\/www.facebook.com\/people\/AXIS-Africa-Safaris\/100063579925901\/","article_modified_time":"2025-05-08T10:32:44+00:00","twitter_card":"summary_large_image","twitter_misc":{"Est. reading time":"2 minutes"},"schema":{"@context":"https:\/\/schema.org","@graph":[{"@type":"WebPage","@id":"https:\/\/axisafricasafaris.com\/ga\/cuardaigh-turais\/","url":"https:\/\/axisafricasafaris.com\/ga\/cuardaigh-turais\/","name":"Safaris na Tans\u00e1ine | Safari Afracach na Tans\u00e1ine","isPartOf":{"@id":"https:\/\/axisafricasafaris.com\/#website"},"datePublished":"2017-01-25T03:03:16+00:00","dateModified":"2025-05-08T10:32:44+00:00","description":"Faigh amach an taith\u00ed safari Afracach is fearr sa Tans\u00e1in. D\u00e9an ini\u00fachadh ar shafar\u00ed iontacha na Tans\u00e1ine le haghaidh eachtra nach mbeidh aon duine i nd\u00e1n duit. Cuir d\u2019\u00e1irithint in \u00e1irithe anois!","breadcrumb":{"@id":"https:\/\/axisafricasafaris.com\/ga\/cuardaigh-turais\/#breadcrumb"},"inLanguage":"ga-IE","potentialAction":[{"@type":"ReadAction","target":["https:\/\/axisafricasafaris.com\/ga\/cuardaigh-turais\/"]}]},{"@type":"BreadcrumbList","@id":"https:\/\/axisafricasafaris.com\/ga\/cuardaigh-turais\/#breadcrumb","itemListElement":[{"@type":"ListItem","position":1,"name":"Home","item":"https:\/\/axisafricasafaris.com\/leathanach-baile\/"},{"@type":"ListItem","position":2,"name":"Cuardaigh Turais"}]},{"@type":"WebSite","@id":"https:\/\/axisafricasafaris.com\/#website","url":"https:\/\/axisafricasafaris.com\/","name":"Axis Africa Safaris","description":"Axis Africa Safaris","publisher":{"@id":"https:\/\/axisafricasafaris.com\/#organization"},"potentialAction":[{"@type":"SearchAction","target":{"@type":"EntryPoint","urlTemplate":"https:\/\/axisafricasafaris.com\/?s={search_term_string}"},"query-input":{"@type":"PropertyValueSpecification","valueRequired":true,"valueName":"search_term_string"}}],"inLanguage":"ga-IE"},{"@type":"Organization","@id":"https:\/\/axisafricasafaris.com\/#organization","name":"Axis Africa Safaris","url":"https:\/\/axisafricasafaris.com\/","logo":{"@type":"ImageObject","inLanguage":"ga-IE","@id":"https:\/\/axisafricasafaris.com\/#\/schema\/logo\/image\/","url":"https:\/\/axisafricasafaris.com\/wp-content\/uploads\/2024\/07\/Axis-Africa-safaris-logo.png","contentUrl":"https:\/\/axisafricasafaris.com\/wp-content\/uploads\/2024\/07\/Axis-Africa-safaris-logo.png","width":383,"height":88,"caption":"Axis Africa Safaris"},"image":{"@id":"https:\/\/axisafricasafaris.com\/#\/schema\/logo\/image\/"},"sameAs":["https:\/\/www.facebook.com\/people\/AXIS-Africa-Safaris\/100063579925901\/"]}]}},"_links":{"self":[{"href":"https:\/\/axisafricasafaris.com\/ga\/wp-json\/wp\/v2\/pages\/29309","targetHints":{"allow":["GET"]}}],"collection":[{"href":"https:\/\/axisafricasafaris.com\/ga\/wp-json\/wp\/v2\/pages"}],"about":[{"href":"https:\/\/axisafricasafaris.com\/ga\/wp-json\/wp\/v2\/types\/page"}],"author":[{"embeddable":true,"href":"https:\/\/axisafricasafaris.com\/ga\/wp-json\/wp\/v2\/users\/1"}],"replies":[{"embeddable":true,"href":"https:\/\/axisafricasafaris.com\/ga\/wp-json\/wp\/v2\/comments?post=29309"}],"version-history":[{"count":5,"href":"https:\/\/axisafricasafaris.com\/ga\/wp-json\/wp\/v2\/pages\/29309\/revisions"}],"predecessor-version":[{"id":29326,"href":"https:\/\/axisafricasafaris.com\/ga\/wp-json\/wp\/v2\/pages\/29309\/revisions\/29326"}],"wp:attachment":[{"href":"https:\/\/axisafricasafaris.com\/ga\/wp-json\/wp\/v2\/media?parent=29309"}],"curies":[{"name":"wp","href":"https:\/\/api.w.org\/{rel}","templated":true}]}}