{"id":37772,"date":"2024-07-23T23:05:49","date_gmt":"2024-07-23T20:05:49","guid":{"rendered":"https:\/\/axisafricasafaris.com\/critiques\/"},"modified":"2024-07-23T23:05:49","modified_gmt":"2024-07-23T20:05:49","slug":"critiques","status":"publish","type":"page","link":"https:\/\/axisafricasafaris.com\/fr\/critiques\/","title":{"rendered":"Critiques"},"content":{"rendered":"","protected":false},"excerpt":{"rendered":"","protected":false},"author":1,"featured_media":0,"parent":0,"menu_order":0,"comment_status":"closed","ping_status":"closed","template":"","meta":{"footnotes":""},"class_list":["post-37772","page","type-page","status-publish","hentry"],"yoast_head":"<!-- This site is optimized with the Yoast SEO plugin v27.4 - https:\/\/yoast.com\/product\/yoast-seo-wordpress\/ -->\n<title>Critique de la tourn\u00e9e | Critique de Safari | Critique du voyage<\/title>\n<meta name=\"description\" content=\"Lisez les avis sur les excursions et safaris de voyageurs ayant explor\u00e9 les meilleures destinations. D\u00e9couvrez leurs exp\u00e9riences au fur et \u00e0 mesure que vous planifiez votre prochaine aventure.\" \/>\n<meta name=\"robots\" content=\"index, follow, max-snippet:-1, max-image-preview:large, max-video-preview:-1\" \/>\n<link rel=\"canonical\" href=\"https:\/\/axisafricasafaris.com\/fr\/critiques\/\" \/>\n<meta property=\"og:locale\" content=\"fr_FR\" \/>\n<meta property=\"og:type\" content=\"article\" \/>\n<meta property=\"og:title\" content=\"Critique de la tourn\u00e9e | Critique de Safari | Critique du voyage\" \/>\n<meta property=\"og:description\" content=\"Lisez les avis sur les excursions et safaris de voyageurs ayant explor\u00e9 les meilleures destinations. D\u00e9couvrez leurs exp\u00e9riences au fur et \u00e0 mesure que vous planifiez votre prochaine aventure.\" \/>\n<meta property=\"og:url\" content=\"https:\/\/axisafricasafaris.com\/fr\/critiques\/\" \/>\n<meta property=\"og:site_name\" content=\"Axis Africa Safaris\" \/>\n<meta property=\"article:publisher\" content=\"https:\/\/www.facebook.com\/people\/AXIS-Africa-Safaris\/100063579925901\/\" \/>\n<meta name=\"twitter:card\" content=\"summary_large_image\" \/>\n<!-- \/ Yoast SEO plugin. -->","yoast_head_json":{"title":"Critique de la tourn\u00e9e | Critique de Safari | Critique du voyage","description":"Lisez les avis sur les excursions et safaris de voyageurs ayant explor\u00e9 les meilleures destinations. D\u00e9couvrez leurs exp\u00e9riences au fur et \u00e0 mesure que vous planifiez votre prochaine aventure.","robots":{"index":"index","follow":"follow","max-snippet":"max-snippet:-1","max-image-preview":"max-image-preview:large","max-video-preview":"max-video-preview:-1"},"canonical":"https:\/\/axisafricasafaris.com\/fr\/critiques\/","og_locale":"fr_FR","og_type":"article","og_title":"Critique de la tourn\u00e9e | Critique de Safari | Critique du voyage","og_description":"Lisez les avis sur les excursions et safaris de voyageurs ayant explor\u00e9 les meilleures destinations. D\u00e9couvrez leurs exp\u00e9riences au fur et \u00e0 mesure que vous planifiez votre prochaine aventure.","og_url":"https:\/\/axisafricasafaris.com\/fr\/critiques\/","og_site_name":"Axis Africa Safaris","article_publisher":"https:\/\/www.facebook.com\/people\/AXIS-Africa-Safaris\/100063579925901\/","twitter_card":"summary_large_image","schema":{"@context":"https:\/\/schema.org","@graph":[{"@type":"WebPage","@id":"https:\/\/axisafricasafaris.com\/fr\/critiques\/","url":"https:\/\/axisafricasafaris.com\/fr\/critiques\/","name":"Critique de la tourn\u00e9e | Critique de Safari | Critique du voyage","isPartOf":{"@id":"https:\/\/axisafricasafaris.com\/#website"},"datePublished":"2024-07-23T20:05:49+00:00","description":"Lisez les avis sur les excursions et safaris de voyageurs ayant explor\u00e9 les meilleures destinations. D\u00e9couvrez leurs exp\u00e9riences au fur et \u00e0 mesure que vous planifiez votre prochaine aventure.","breadcrumb":{"@id":"https:\/\/axisafricasafaris.com\/fr\/critiques\/#breadcrumb"},"inLanguage":"fr-FR","potentialAction":[{"@type":"ReadAction","target":["https:\/\/axisafricasafaris.com\/fr\/critiques\/"]}]},{"@type":"BreadcrumbList","@id":"https:\/\/axisafricasafaris.com\/fr\/critiques\/#breadcrumb","itemListElement":[{"@type":"ListItem","position":1,"name":"Home","item":"https:\/\/axisafricasafaris.com\/fr\/page-daccueil\/"},{"@type":"ListItem","position":2,"name":"Critiques"}]},{"@type":"WebSite","@id":"https:\/\/axisafricasafaris.com\/#website","url":"https:\/\/axisafricasafaris.com\/","name":"Axis Africa Safaris","description":"Axis Africa Safaris","publisher":{"@id":"https:\/\/axisafricasafaris.com\/#organization"},"potentialAction":[{"@type":"SearchAction","target":{"@type":"EntryPoint","urlTemplate":"https:\/\/axisafricasafaris.com\/?s={search_term_string}"},"query-input":{"@type":"PropertyValueSpecification","valueRequired":true,"valueName":"search_term_string"}}],"inLanguage":"fr-FR"},{"@type":"Organization","@id":"https:\/\/axisafricasafaris.com\/#organization","name":"Axis Africa Safaris","url":"https:\/\/axisafricasafaris.com\/","logo":{"@type":"ImageObject","inLanguage":"fr-FR","@id":"https:\/\/axisafricasafaris.com\/#\/schema\/logo\/image\/","url":"https:\/\/axisafricasafaris.com\/wp-content\/uploads\/2024\/07\/Axis-Africa-safaris-logo.png","contentUrl":"https:\/\/axisafricasafaris.com\/wp-content\/uploads\/2024\/07\/Axis-Africa-safaris-logo.png","width":383,"height":88,"caption":"Axis Africa Safaris"},"image":{"@id":"https:\/\/axisafricasafaris.com\/#\/schema\/logo\/image\/"},"sameAs":["https:\/\/www.facebook.com\/people\/AXIS-Africa-Safaris\/100063579925901\/"]}]}},"_links":{"self":[{"href":"https:\/\/axisafricasafaris.com\/fr\/wp-json\/wp\/v2\/pages\/37772","targetHints":{"allow":["GET"]}}],"collection":[{"href":"https:\/\/axisafricasafaris.com\/fr\/wp-json\/wp\/v2\/pages"}],"about":[{"href":"https:\/\/axisafricasafaris.com\/fr\/wp-json\/wp\/v2\/types\/page"}],"author":[{"embeddable":true,"href":"https:\/\/axisafricasafaris.com\/fr\/wp-json\/wp\/v2\/users\/1"}],"replies":[{"embeddable":true,"href":"https:\/\/axisafricasafaris.com\/fr\/wp-json\/wp\/v2\/comments?post=37772"}],"version-history":[{"count":0,"href":"https:\/\/axisafricasafaris.com\/fr\/wp-json\/wp\/v2\/pages\/37772\/revisions"}],"wp:attachment":[{"href":"https:\/\/axisafricasafaris.com\/fr\/wp-json\/wp\/v2\/media?parent=37772"}],"curies":[{"name":"wp","href":"https:\/\/api.w.org\/{rel}","templated":true}]}}