{"id":29366,"date":"2016-06-11T14:25:44","date_gmt":"2016-06-11T11:25:44","guid":{"rendered":"https:\/\/axisafricasafaris.com\/page-daccueil\/"},"modified":"2026-04-17T15:59:48","modified_gmt":"2026-04-17T12:59:48","slug":"page-daccueil","status":"publish","type":"page","link":"https:\/\/axisafricasafaris.com\/fr\/","title":{"rendered":"Page d\u2019accueil"},"content":{"rendered":"","protected":false},"excerpt":{"rendered":"","protected":false},"author":1,"featured_media":0,"parent":0,"menu_order":0,"comment_status":"closed","ping_status":"closed","template":"","meta":{"footnotes":""},"class_list":["post-29366","page","type-page","status-publish","hentry"],"yoast_head":"<!-- This site is optimized with the Yoast SEO plugin v27.4 - https:\/\/yoast.com\/product\/yoast-seo-wordpress\/ -->\n<title>Vacances en Afrique du Safari | Forfaits safari au Kenya<\/title>\n<meta name=\"description\" content=\"Planifiez des vacances inoubliables en safari africain gr\u00e2ce \u00e0 nos forfaits safari au Kenya guid\u00e9s par des experts. R\u00e9servez votre visite via notre site d\u00e8s aujourd\u2019hui !\" \/>\n<meta name=\"robots\" content=\"index, follow, max-snippet:-1, max-image-preview:large, max-video-preview:-1\" \/>\n<link rel=\"canonical\" href=\"https:\/\/axisafricasafaris.com\/fr\/page-daccueil\/\" \/>\n<meta property=\"og:locale\" content=\"fr_FR\" \/>\n<meta property=\"og:type\" content=\"article\" \/>\n<meta property=\"og:title\" content=\"Vacances en Afrique du Safari | Forfaits safari au Kenya\" \/>\n<meta property=\"og:description\" content=\"Planifiez des vacances inoubliables en safari africain gr\u00e2ce \u00e0 nos forfaits safari au Kenya guid\u00e9s par des experts. R\u00e9servez votre visite via notre site d\u00e8s aujourd\u2019hui !\" \/>\n<meta property=\"og:url\" content=\"https:\/\/axisafricasafaris.com\/fr\/page-daccueil\/\" \/>\n<meta property=\"og:site_name\" content=\"Axis Africa Safaris\" \/>\n<meta property=\"article:publisher\" content=\"https:\/\/www.facebook.com\/people\/AXIS-Africa-Safaris\/100063579925901\/\" \/>\n<meta property=\"article:modified_time\" content=\"2026-04-17T12:59:48+00:00\" \/>\n<meta name=\"twitter:card\" content=\"summary_large_image\" \/>\n<!-- \/ Yoast SEO plugin. -->","yoast_head_json":{"title":"Vacances en Afrique du Safari | Forfaits safari au Kenya","description":"Planifiez des vacances inoubliables en safari africain gr\u00e2ce \u00e0 nos forfaits safari au Kenya guid\u00e9s par des experts. R\u00e9servez votre visite via notre site d\u00e8s aujourd\u2019hui !","robots":{"index":"index","follow":"follow","max-snippet":"max-snippet:-1","max-image-preview":"max-image-preview:large","max-video-preview":"max-video-preview:-1"},"canonical":"https:\/\/axisafricasafaris.com\/fr\/page-daccueil\/","og_locale":"fr_FR","og_type":"article","og_title":"Vacances en Afrique du Safari | Forfaits safari au Kenya","og_description":"Planifiez des vacances inoubliables en safari africain gr\u00e2ce \u00e0 nos forfaits safari au Kenya guid\u00e9s par des experts. R\u00e9servez votre visite via notre site d\u00e8s aujourd\u2019hui !","og_url":"https:\/\/axisafricasafaris.com\/fr\/page-daccueil\/","og_site_name":"Axis Africa Safaris","article_publisher":"https:\/\/www.facebook.com\/people\/AXIS-Africa-Safaris\/100063579925901\/","article_modified_time":"2026-04-17T12:59:48+00:00","twitter_card":"summary_large_image","schema":{"@context":"https:\/\/schema.org","@graph":[{"@type":"WebPage","@id":"https:\/\/axisafricasafaris.com\/fr\/page-daccueil\/","url":"https:\/\/axisafricasafaris.com\/fr\/page-daccueil\/","name":"Vacances en Afrique du Safari | Forfaits safari au Kenya","isPartOf":{"@id":"https:\/\/axisafricasafaris.com\/#website"},"datePublished":"2016-06-11T11:25:44+00:00","dateModified":"2026-04-17T12:59:48+00:00","description":"Planifiez des vacances inoubliables en safari africain gr\u00e2ce \u00e0 nos forfaits safari au Kenya guid\u00e9s par des experts. R\u00e9servez votre visite via notre site d\u00e8s aujourd\u2019hui !","breadcrumb":{"@id":"https:\/\/axisafricasafaris.com\/fr\/page-daccueil\/#breadcrumb"},"inLanguage":"fr-FR","potentialAction":[{"@type":"ReadAction","target":["https:\/\/axisafricasafaris.com\/fr\/page-daccueil\/"]}]},{"@type":"BreadcrumbList","@id":"https:\/\/axisafricasafaris.com\/fr\/page-daccueil\/#breadcrumb","itemListElement":[{"@type":"ListItem","position":1,"name":"Home","item":"https:\/\/axisafricasafaris.com\/fr\/page-daccueil\/"},{"@type":"ListItem","position":2,"name":"Page d\u2019accueil"}]},{"@type":"WebSite","@id":"https:\/\/axisafricasafaris.com\/#website","url":"https:\/\/axisafricasafaris.com\/","name":"Axis Africa Safaris","description":"Axis Africa Safaris","publisher":{"@id":"https:\/\/axisafricasafaris.com\/#organization"},"potentialAction":[{"@type":"SearchAction","target":{"@type":"EntryPoint","urlTemplate":"https:\/\/axisafricasafaris.com\/?s={search_term_string}"},"query-input":{"@type":"PropertyValueSpecification","valueRequired":true,"valueName":"search_term_string"}}],"inLanguage":"fr-FR"},{"@type":"Organization","@id":"https:\/\/axisafricasafaris.com\/#organization","name":"Axis Africa Safaris","url":"https:\/\/axisafricasafaris.com\/","logo":{"@type":"ImageObject","inLanguage":"fr-FR","@id":"https:\/\/axisafricasafaris.com\/#\/schema\/logo\/image\/","url":"https:\/\/axisafricasafaris.com\/wp-content\/uploads\/2024\/07\/Axis-Africa-safaris-logo.png","contentUrl":"https:\/\/axisafricasafaris.com\/wp-content\/uploads\/2024\/07\/Axis-Africa-safaris-logo.png","width":383,"height":88,"caption":"Axis Africa Safaris"},"image":{"@id":"https:\/\/axisafricasafaris.com\/#\/schema\/logo\/image\/"},"sameAs":["https:\/\/www.facebook.com\/people\/AXIS-Africa-Safaris\/100063579925901\/"]}]}},"_links":{"self":[{"href":"https:\/\/axisafricasafaris.com\/fr\/wp-json\/wp\/v2\/pages\/29366","targetHints":{"allow":["GET"]}}],"collection":[{"href":"https:\/\/axisafricasafaris.com\/fr\/wp-json\/wp\/v2\/pages"}],"about":[{"href":"https:\/\/axisafricasafaris.com\/fr\/wp-json\/wp\/v2\/types\/page"}],"author":[{"embeddable":true,"href":"https:\/\/axisafricasafaris.com\/fr\/wp-json\/wp\/v2\/users\/1"}],"replies":[{"embeddable":true,"href":"https:\/\/axisafricasafaris.com\/fr\/wp-json\/wp\/v2\/comments?post=29366"}],"version-history":[{"count":2,"href":"https:\/\/axisafricasafaris.com\/fr\/wp-json\/wp\/v2\/pages\/29366\/revisions"}],"predecessor-version":[{"id":37779,"href":"https:\/\/axisafricasafaris.com\/fr\/wp-json\/wp\/v2\/pages\/29366\/revisions\/37779"}],"wp:attachment":[{"href":"https:\/\/axisafricasafaris.com\/fr\/wp-json\/wp\/v2\/media?parent=29366"}],"curies":[{"name":"wp","href":"https:\/\/api.w.org\/{rel}","templated":true}]}}