{"id":29352,"date":"2016-11-27T18:21:04","date_gmt":"2016-11-27T15:21:04","guid":{"rendered":"https:\/\/axisafricasafaris.com\/nos-services\/"},"modified":"2016-11-27T18:21:04","modified_gmt":"2016-11-27T15:21:04","slug":"nos-services","status":"publish","type":"page","link":"https:\/\/axisafricasafaris.com\/fr\/nos-services\/","title":{"rendered":"Nos services"},"content":{"rendered":"","protected":false},"excerpt":{"rendered":"","protected":false},"author":1,"featured_media":0,"parent":0,"menu_order":0,"comment_status":"closed","ping_status":"closed","template":"","meta":{"footnotes":""},"class_list":["post-29352","page","type-page","status-publish","hentry"],"yoast_head":"<!-- This site is optimized with the Yoast SEO plugin v27.4 - https:\/\/yoast.com\/product\/yoast-seo-wordpress\/ -->\n<title>Les meilleurs sp\u00e9cialistes du tourisme fournissent des services touristiques de premi\u00e8re qualit\u00e9 dans toute l&#039;Afrique de l&#039;Est<\/title>\n<meta name=\"description\" content=\"Des services touristiques exceptionnels avec les plus grands sp\u00e9cialistes du tourisme. D\u00e9couvrez des safaris sur mesure et des aventures culturelles au Kenya, en Tanzanie et en Ouganda.\" \/>\n<meta name=\"robots\" content=\"index, follow, max-snippet:-1, max-image-preview:large, max-video-preview:-1\" \/>\n<link rel=\"canonical\" href=\"https:\/\/axisafricasafaris.com\/fr\/nos-services\/\" \/>\n<meta property=\"og:locale\" content=\"fr_FR\" \/>\n<meta property=\"og:type\" content=\"article\" \/>\n<meta property=\"og:title\" content=\"Les meilleurs sp\u00e9cialistes du tourisme fournissent des services touristiques de premi\u00e8re qualit\u00e9 dans toute l&#039;Afrique de l&#039;Est\" \/>\n<meta property=\"og:description\" content=\"Des services touristiques exceptionnels avec les plus grands sp\u00e9cialistes du tourisme. D\u00e9couvrez des safaris sur mesure et des aventures culturelles au Kenya, en Tanzanie et en Ouganda.\" \/>\n<meta property=\"og:url\" content=\"https:\/\/axisafricasafaris.com\/fr\/nos-services\/\" \/>\n<meta property=\"og:site_name\" content=\"Axis Africa Safaris\" \/>\n<meta property=\"article:publisher\" content=\"https:\/\/www.facebook.com\/people\/AXIS-Africa-Safaris\/100063579925901\/\" \/>\n<meta name=\"twitter:card\" content=\"summary_large_image\" \/>\n<!-- \/ Yoast SEO plugin. -->","yoast_head_json":{"title":"Les meilleurs sp\u00e9cialistes du tourisme fournissent des services touristiques de premi\u00e8re qualit\u00e9 dans toute l'Afrique de l'Est","description":"Des services touristiques exceptionnels avec les plus grands sp\u00e9cialistes du tourisme. D\u00e9couvrez des safaris sur mesure et des aventures culturelles au Kenya, en Tanzanie et en Ouganda.","robots":{"index":"index","follow":"follow","max-snippet":"max-snippet:-1","max-image-preview":"max-image-preview:large","max-video-preview":"max-video-preview:-1"},"canonical":"https:\/\/axisafricasafaris.com\/fr\/nos-services\/","og_locale":"fr_FR","og_type":"article","og_title":"Les meilleurs sp\u00e9cialistes du tourisme fournissent des services touristiques de premi\u00e8re qualit\u00e9 dans toute l'Afrique de l'Est","og_description":"Des services touristiques exceptionnels avec les plus grands sp\u00e9cialistes du tourisme. D\u00e9couvrez des safaris sur mesure et des aventures culturelles au Kenya, en Tanzanie et en Ouganda.","og_url":"https:\/\/axisafricasafaris.com\/fr\/nos-services\/","og_site_name":"Axis Africa Safaris","article_publisher":"https:\/\/www.facebook.com\/people\/AXIS-Africa-Safaris\/100063579925901\/","twitter_card":"summary_large_image","schema":{"@context":"https:\/\/schema.org","@graph":[{"@type":"WebPage","@id":"https:\/\/axisafricasafaris.com\/fr\/nos-services\/","url":"https:\/\/axisafricasafaris.com\/fr\/nos-services\/","name":"Les meilleurs sp\u00e9cialistes du tourisme fournissent des services touristiques de premi\u00e8re qualit\u00e9 dans toute l'Afrique de l'Est","isPartOf":{"@id":"https:\/\/axisafricasafaris.com\/#website"},"datePublished":"2016-11-27T15:21:04+00:00","description":"Des services touristiques exceptionnels avec les plus grands sp\u00e9cialistes du tourisme. D\u00e9couvrez des safaris sur mesure et des aventures culturelles au Kenya, en Tanzanie et en Ouganda.","breadcrumb":{"@id":"https:\/\/axisafricasafaris.com\/fr\/nos-services\/#breadcrumb"},"inLanguage":"fr-FR","potentialAction":[{"@type":"ReadAction","target":["https:\/\/axisafricasafaris.com\/fr\/nos-services\/"]}]},{"@type":"BreadcrumbList","@id":"https:\/\/axisafricasafaris.com\/fr\/nos-services\/#breadcrumb","itemListElement":[{"@type":"ListItem","position":1,"name":"Home","item":"https:\/\/axisafricasafaris.com\/fr\/page-daccueil\/"},{"@type":"ListItem","position":2,"name":"Nos services"}]},{"@type":"WebSite","@id":"https:\/\/axisafricasafaris.com\/#website","url":"https:\/\/axisafricasafaris.com\/","name":"Axis Africa Safaris","description":"Axis Africa Safaris","publisher":{"@id":"https:\/\/axisafricasafaris.com\/#organization"},"potentialAction":[{"@type":"SearchAction","target":{"@type":"EntryPoint","urlTemplate":"https:\/\/axisafricasafaris.com\/?s={search_term_string}"},"query-input":{"@type":"PropertyValueSpecification","valueRequired":true,"valueName":"search_term_string"}}],"inLanguage":"fr-FR"},{"@type":"Organization","@id":"https:\/\/axisafricasafaris.com\/#organization","name":"Axis Africa Safaris","url":"https:\/\/axisafricasafaris.com\/","logo":{"@type":"ImageObject","inLanguage":"fr-FR","@id":"https:\/\/axisafricasafaris.com\/#\/schema\/logo\/image\/","url":"https:\/\/axisafricasafaris.com\/wp-content\/uploads\/2024\/07\/Axis-Africa-safaris-logo.png","contentUrl":"https:\/\/axisafricasafaris.com\/wp-content\/uploads\/2024\/07\/Axis-Africa-safaris-logo.png","width":383,"height":88,"caption":"Axis Africa Safaris"},"image":{"@id":"https:\/\/axisafricasafaris.com\/#\/schema\/logo\/image\/"},"sameAs":["https:\/\/www.facebook.com\/people\/AXIS-Africa-Safaris\/100063579925901\/"]}]}},"_links":{"self":[{"href":"https:\/\/axisafricasafaris.com\/fr\/wp-json\/wp\/v2\/pages\/29352","targetHints":{"allow":["GET"]}}],"collection":[{"href":"https:\/\/axisafricasafaris.com\/fr\/wp-json\/wp\/v2\/pages"}],"about":[{"href":"https:\/\/axisafricasafaris.com\/fr\/wp-json\/wp\/v2\/types\/page"}],"author":[{"embeddable":true,"href":"https:\/\/axisafricasafaris.com\/fr\/wp-json\/wp\/v2\/users\/1"}],"replies":[{"embeddable":true,"href":"https:\/\/axisafricasafaris.com\/fr\/wp-json\/wp\/v2\/comments?post=29352"}],"version-history":[{"count":0,"href":"https:\/\/axisafricasafaris.com\/fr\/wp-json\/wp\/v2\/pages\/29352\/revisions"}],"wp:attachment":[{"href":"https:\/\/axisafricasafaris.com\/fr\/wp-json\/wp\/v2\/media?parent=29352"}],"curies":[{"name":"wp","href":"https:\/\/api.w.org\/{rel}","templated":true}]}}