{"id":37725,"date":"2017-01-25T06:03:16","date_gmt":"2017-01-25T03:03:16","guid":{"rendered":"https:\/\/axisafricasafaris.com\/busquedas-de-tours\/"},"modified":"2026-04-17T15:25:33","modified_gmt":"2026-04-17T12:25:33","slug":"busquedas-de-tours","status":"publish","type":"page","link":"https:\/\/axisafricasafaris.com\/es\/busquedas-de-tours\/","title":{"rendered":"B\u00fasquedas de Tours"},"content":{"rendered":"\n<p>\u00bfQuieres vivir la aventura de tu vida con los safaris en Tanzania? Axis Africa Safaris es la mejor compa\u00f1\u00eda de viajes con la que asociarse. Nos encargaremos de toda la log\u00edstica, mientras t\u00fa te centras en la variedad de fauna, la incre\u00edble cultura y los paisajes impresionantes. Tanto si eres un viajero primerizo como un explorador experimentado, el Safari en \u00c1frica Tanzania garantiza un viaje memorable.   <\/p>\n\n<p>\u00bfPor qu\u00e9 elegir el safari africano y Tanzania? Tendr\u00e1s la oportunidad de ver a los Cinco Grandes como los leones en su h\u00e1bitat natural, las llanuras, el extenso Serengeti, as\u00ed como el gran Monte Kilimanjaro. Los safaris en Tanzania te ofrecen lo mejor de la naturaleza en uno de los mejores destinos de safari de \u00c1frica y, al asociarte con nuestra empresa, tienes la mejor experiencia.  <\/p>\n\n<p>Nuestro paquete safari africano en Tanzania est\u00e1 bien seleccionado para ofrecer comodidad y aventura. Contamos con gu\u00edas internos con experiencia que te gu\u00edan durante todo el recorrido. Ya sea que est\u00e9s viendo la Gran Migraci\u00f3n o la puesta de sol sobre la sabana, un safari en \u00c1frica Tanzania ofrece una experiencia excepcional.  <\/p>\n\n<p>No pierdas esta oportunidad. Reserva hoy tu safari africano en Tanzania y d\u00e9janos organizar los detalles del viaje por ti. Tendr\u00e1s la oportunidad de entender por qu\u00e9 los safaris en Tanzania se consideran el punto m\u00e1s alto de la exploraci\u00f3n de la fauna. Con Axis Africa Safaris, te sumergir\u00e1s tanto en la maravilla como en la belleza de una aut\u00e9ntica experiencia de Safari en \u00c1frica y Tanzania.   <\/p>\n","protected":false},"excerpt":{"rendered":"<p>\u00bfQuieres vivir la aventura de tu vida con los safaris en Tanzania? Axis Africa Safaris es la mejor compa\u00f1\u00eda de viajes con la que asociarse. Nos encargaremos de toda la log\u00edstica, mientras t\u00fa te centras en la variedad de fauna, la incre\u00edble cultura y los paisajes impresionantes. Tanto si eres un viajero primerizo como un [&hellip;]<\/p>\n","protected":false},"author":1,"featured_media":0,"parent":0,"menu_order":0,"comment_status":"closed","ping_status":"closed","template":"","meta":{"footnotes":""},"class_list":["post-37725","page","type-page","status-publish","hentry"],"yoast_head":"<!-- This site is optimized with the Yoast SEO plugin v27.4 - https:\/\/yoast.com\/product\/yoast-seo-wordpress\/ -->\n<title>Safaris en Tanzania | Safari Africano Tanzania<\/title>\n<meta name=\"description\" content=\"Descubre la experiencia definitiva de safari africano en Tanzania. Explora impresionantes safaris por Tanzania para vivir una aventura \u00fanica en la vida. \u00a1Reserva ahora!\" \/>\n<meta name=\"robots\" content=\"index, follow, max-snippet:-1, max-image-preview:large, max-video-preview:-1\" \/>\n<link rel=\"canonical\" href=\"https:\/\/axisafricasafaris.com\/es\/busquedas-de-tours\/\" \/>\n<meta property=\"og:locale\" content=\"es_ES\" \/>\n<meta property=\"og:type\" content=\"article\" \/>\n<meta property=\"og:title\" content=\"Safaris en Tanzania | Safari Africano Tanzania\" \/>\n<meta property=\"og:description\" content=\"Descubre la experiencia definitiva de safari africano en Tanzania. Explora impresionantes safaris por Tanzania para vivir una aventura \u00fanica en la vida. \u00a1Reserva ahora!\" \/>\n<meta property=\"og:url\" content=\"https:\/\/axisafricasafaris.com\/es\/busquedas-de-tours\/\" \/>\n<meta property=\"og:site_name\" content=\"Axis Africa Safaris\" \/>\n<meta property=\"article:publisher\" content=\"https:\/\/www.facebook.com\/people\/AXIS-Africa-Safaris\/100063579925901\/\" \/>\n<meta property=\"article:modified_time\" content=\"2026-04-17T12:25:33+00:00\" \/>\n<meta name=\"twitter:card\" content=\"summary_large_image\" \/>\n<meta name=\"twitter:label1\" content=\"Tiempo de lectura\" \/>\n\t<meta name=\"twitter:data1\" content=\"1 minuto\" \/>\n<!-- \/ Yoast SEO plugin. -->","yoast_head_json":{"title":"Safaris en Tanzania | Safari Africano Tanzania","description":"Descubre la experiencia definitiva de safari africano en Tanzania. Explora impresionantes safaris por Tanzania para vivir una aventura \u00fanica en la vida. \u00a1Reserva ahora!","robots":{"index":"index","follow":"follow","max-snippet":"max-snippet:-1","max-image-preview":"max-image-preview:large","max-video-preview":"max-video-preview:-1"},"canonical":"https:\/\/axisafricasafaris.com\/es\/busquedas-de-tours\/","og_locale":"es_ES","og_type":"article","og_title":"Safaris en Tanzania | Safari Africano Tanzania","og_description":"Descubre la experiencia definitiva de safari africano en Tanzania. Explora impresionantes safaris por Tanzania para vivir una aventura \u00fanica en la vida. \u00a1Reserva ahora!","og_url":"https:\/\/axisafricasafaris.com\/es\/busquedas-de-tours\/","og_site_name":"Axis Africa Safaris","article_publisher":"https:\/\/www.facebook.com\/people\/AXIS-Africa-Safaris\/100063579925901\/","article_modified_time":"2026-04-17T12:25:33+00:00","twitter_card":"summary_large_image","twitter_misc":{"Tiempo de lectura":"1 minuto"},"schema":{"@context":"https:\/\/schema.org","@graph":[{"@type":"WebPage","@id":"https:\/\/axisafricasafaris.com\/es\/busquedas-de-tours\/","url":"https:\/\/axisafricasafaris.com\/es\/busquedas-de-tours\/","name":"Safaris en Tanzania | Safari Africano Tanzania","isPartOf":{"@id":"https:\/\/axisafricasafaris.com\/#website"},"datePublished":"2017-01-25T03:03:16+00:00","dateModified":"2026-04-17T12:25:33+00:00","description":"Descubre la experiencia definitiva de safari africano en Tanzania. Explora impresionantes safaris por Tanzania para vivir una aventura \u00fanica en la vida. \u00a1Reserva ahora!","breadcrumb":{"@id":"https:\/\/axisafricasafaris.com\/es\/busquedas-de-tours\/#breadcrumb"},"inLanguage":"es","potentialAction":[{"@type":"ReadAction","target":["https:\/\/axisafricasafaris.com\/es\/busquedas-de-tours\/"]}]},{"@type":"BreadcrumbList","@id":"https:\/\/axisafricasafaris.com\/es\/busquedas-de-tours\/#breadcrumb","itemListElement":[{"@type":"ListItem","position":1,"name":"Home","item":"https:\/\/axisafricasafaris.com\/pagina-de-inicio\/"},{"@type":"ListItem","position":2,"name":"B\u00fasquedas de Tours"}]},{"@type":"WebSite","@id":"https:\/\/axisafricasafaris.com\/#website","url":"https:\/\/axisafricasafaris.com\/","name":"Axis Africa Safaris","description":"Axis Africa Safaris","publisher":{"@id":"https:\/\/axisafricasafaris.com\/#organization"},"potentialAction":[{"@type":"SearchAction","target":{"@type":"EntryPoint","urlTemplate":"https:\/\/axisafricasafaris.com\/?s={search_term_string}"},"query-input":{"@type":"PropertyValueSpecification","valueRequired":true,"valueName":"search_term_string"}}],"inLanguage":"es"},{"@type":"Organization","@id":"https:\/\/axisafricasafaris.com\/#organization","name":"Axis Africa Safaris","url":"https:\/\/axisafricasafaris.com\/","logo":{"@type":"ImageObject","inLanguage":"es","@id":"https:\/\/axisafricasafaris.com\/#\/schema\/logo\/image\/","url":"https:\/\/axisafricasafaris.com\/wp-content\/uploads\/2024\/07\/Axis-Africa-safaris-logo.png","contentUrl":"https:\/\/axisafricasafaris.com\/wp-content\/uploads\/2024\/07\/Axis-Africa-safaris-logo.png","width":383,"height":88,"caption":"Axis Africa Safaris"},"image":{"@id":"https:\/\/axisafricasafaris.com\/#\/schema\/logo\/image\/"},"sameAs":["https:\/\/www.facebook.com\/people\/AXIS-Africa-Safaris\/100063579925901\/"]}]}},"_links":{"self":[{"href":"https:\/\/axisafricasafaris.com\/es\/wp-json\/wp\/v2\/pages\/37725","targetHints":{"allow":["GET"]}}],"collection":[{"href":"https:\/\/axisafricasafaris.com\/es\/wp-json\/wp\/v2\/pages"}],"about":[{"href":"https:\/\/axisafricasafaris.com\/es\/wp-json\/wp\/v2\/types\/page"}],"author":[{"embeddable":true,"href":"https:\/\/axisafricasafaris.com\/es\/wp-json\/wp\/v2\/users\/1"}],"replies":[{"embeddable":true,"href":"https:\/\/axisafricasafaris.com\/es\/wp-json\/wp\/v2\/comments?post=37725"}],"version-history":[{"count":1,"href":"https:\/\/axisafricasafaris.com\/es\/wp-json\/wp\/v2\/pages\/37725\/revisions"}],"predecessor-version":[{"id":37726,"href":"https:\/\/axisafricasafaris.com\/es\/wp-json\/wp\/v2\/pages\/37725\/revisions\/37726"}],"wp:attachment":[{"href":"https:\/\/axisafricasafaris.com\/es\/wp-json\/wp\/v2\/media?parent=37725"}],"curies":[{"name":"wp","href":"https:\/\/api.w.org\/{rel}","templated":true}]}}