{"id":29311,"date":"2017-01-25T06:03:16","date_gmt":"2017-01-25T03:03:16","guid":{"rendered":"https:\/\/axisafricasafaris.com\/touren-suchen\/"},"modified":"2025-05-08T13:32:17","modified_gmt":"2025-05-08T10:32:17","slug":"touren-suchen","status":"publish","type":"page","link":"https:\/\/axisafricasafaris.com\/de\/touren-suchen\/","title":{"rendered":"Touren suchen"},"content":{"rendered":"\n<p>M\u00f6chten Sie mit Tansania Safaris das Abenteuer Ihres Lebens erleben? Axis Africa Safaris ist das beste Reiseunternehmen, mit dem Sie zusammenarbeiten k\u00f6nnen. Wir k\u00fcmmern uns um die gesamte Logistik, w\u00e4hrend Sie sich auf die Vielfalt der Tierwelt, die unglaubliche Kultur sowie die atemberaubenden Landschaften konzentrieren. Egal, ob Sie zum ersten Mal reisen oder ein erfahrener Entdecker sind, die Safari in Afrika Tansania garantiert Ihnen eine unvergessliche Reise.   <\/p>\n\n<p>Warum sollten Sie sich f\u00fcr die afrikanische Safari Tansania entscheiden? Sie werden die Gelegenheit haben, die Big Five wie L\u00f6wen in ihrem nat\u00fcrlichen Lebensraum, die Ebenen, die weitl\u00e4ufige Serengeti sowie den gro\u00dfen Kilimandscharo zu sehen. Die Tansania-Safaris bieten Ihnen das Beste der Natur in einem der besten Safari-Reiseziele Afrikas, und wenn Sie mit unserem Unternehmen zusammenarbeiten, k\u00f6nnen Sie sicher sein, dass Sie das Beste erleben.  <\/p>\n\n<p>Unser afrikanisches Safari-Tansania-Paket ist so zusammengestellt, dass es sowohl Komfort als auch Abenteuer bietet. Wir haben erfahrene Reiseleiter im Haus, die Sie durch die gesamte Tour f\u00fchren. Egal, ob Sie die Gro\u00dfe Migration beobachten oder den Sonnenuntergang \u00fcber der Savanne sehen, eine Safari in Afrika Tansania bietet ein au\u00dfergew\u00f6hnliches Erlebnis.  <\/p>\n\n<p>Lassen Sie sich diese Gelegenheit nicht entgehen. Buchen Sie Ihre afrikanische Safari in Tansania noch heute und lassen Sie uns die Details der Reise f\u00fcr Sie organisieren. Sie werden die Gelegenheit haben zu verstehen, warum die Safaris in Tansania als der H\u00f6hepunkt der Erkundung der Tierwelt gelten. Mit Axis Africa Safaris werden Sie in die Wunder und die Sch\u00f6nheit einer authentischen Safari in Afrika Tansania eintauchen.   <\/p>\n","protected":false},"excerpt":{"rendered":"<p>M\u00f6chten Sie mit Tansania Safaris das Abenteuer Ihres Lebens erleben? Axis Africa Safaris ist das beste Reiseunternehmen, mit dem Sie zusammenarbeiten k\u00f6nnen. Wir k\u00fcmmern uns um die gesamte Logistik, w\u00e4hrend Sie sich auf die Vielfalt der Tierwelt, die unglaubliche Kultur sowie die atemberaubenden Landschaften konzentrieren. Egal, ob Sie zum ersten Mal reisen oder ein erfahrener [&hellip;]<\/p>\n","protected":false},"author":1,"featured_media":0,"parent":0,"menu_order":0,"comment_status":"closed","ping_status":"closed","template":"","meta":{"footnotes":""},"class_list":["post-29311","page","type-page","status-publish","hentry"],"yoast_head":"<!-- This site is optimized with the Yoast SEO plugin v27.4 - https:\/\/yoast.com\/product\/yoast-seo-wordpress\/ -->\n<title>Tansania Safaris | Afrikanische Safari Tansania<\/title>\n<meta name=\"description\" content=\"Entdecken Sie das ultimative afrikanische Safarierlebnis in Tansania. Entdecken Sie atemberaubende Safaris in Tansania und erleben Sie das Abenteuer Ihres Lebens. Buchen Sie jetzt!\" \/>\n<meta name=\"robots\" content=\"index, follow, max-snippet:-1, max-image-preview:large, max-video-preview:-1\" \/>\n<link rel=\"canonical\" href=\"https:\/\/axisafricasafaris.com\/de\/touren-suchen\/\" \/>\n<meta property=\"og:locale\" content=\"de_DE\" \/>\n<meta property=\"og:type\" content=\"article\" \/>\n<meta property=\"og:title\" content=\"Tansania Safaris | Afrikanische Safari Tansania\" \/>\n<meta property=\"og:description\" content=\"Entdecken Sie das ultimative afrikanische Safarierlebnis in Tansania. Entdecken Sie atemberaubende Safaris in Tansania und erleben Sie das Abenteuer Ihres Lebens. Buchen Sie jetzt!\" \/>\n<meta property=\"og:url\" content=\"https:\/\/axisafricasafaris.com\/de\/touren-suchen\/\" \/>\n<meta property=\"og:site_name\" content=\"Axis Africa Safaris\" \/>\n<meta property=\"article:publisher\" content=\"https:\/\/www.facebook.com\/people\/AXIS-Africa-Safaris\/100063579925901\/\" \/>\n<meta property=\"article:modified_time\" content=\"2025-05-08T10:32:17+00:00\" \/>\n<meta name=\"twitter:card\" content=\"summary_large_image\" \/>\n<meta name=\"twitter:label1\" content=\"Gesch\u00e4tzte Lesezeit\" \/>\n\t<meta name=\"twitter:data1\" content=\"1\u00a0Minute\" \/>\n<!-- \/ Yoast SEO plugin. -->","yoast_head_json":{"title":"Tansania Safaris | Afrikanische Safari Tansania","description":"Entdecken Sie das ultimative afrikanische Safarierlebnis in Tansania. Entdecken Sie atemberaubende Safaris in Tansania und erleben Sie das Abenteuer Ihres Lebens. Buchen Sie jetzt!","robots":{"index":"index","follow":"follow","max-snippet":"max-snippet:-1","max-image-preview":"max-image-preview:large","max-video-preview":"max-video-preview:-1"},"canonical":"https:\/\/axisafricasafaris.com\/de\/touren-suchen\/","og_locale":"de_DE","og_type":"article","og_title":"Tansania Safaris | Afrikanische Safari Tansania","og_description":"Entdecken Sie das ultimative afrikanische Safarierlebnis in Tansania. Entdecken Sie atemberaubende Safaris in Tansania und erleben Sie das Abenteuer Ihres Lebens. Buchen Sie jetzt!","og_url":"https:\/\/axisafricasafaris.com\/de\/touren-suchen\/","og_site_name":"Axis Africa Safaris","article_publisher":"https:\/\/www.facebook.com\/people\/AXIS-Africa-Safaris\/100063579925901\/","article_modified_time":"2025-05-08T10:32:17+00:00","twitter_card":"summary_large_image","twitter_misc":{"Gesch\u00e4tzte Lesezeit":"1\u00a0Minute"},"schema":{"@context":"https:\/\/schema.org","@graph":[{"@type":"WebPage","@id":"https:\/\/axisafricasafaris.com\/de\/touren-suchen\/","url":"https:\/\/axisafricasafaris.com\/de\/touren-suchen\/","name":"Tansania Safaris | Afrikanische Safari Tansania","isPartOf":{"@id":"https:\/\/axisafricasafaris.com\/#website"},"datePublished":"2017-01-25T03:03:16+00:00","dateModified":"2025-05-08T10:32:17+00:00","description":"Entdecken Sie das ultimative afrikanische Safarierlebnis in Tansania. Entdecken Sie atemberaubende Safaris in Tansania und erleben Sie das Abenteuer Ihres Lebens. Buchen Sie jetzt!","breadcrumb":{"@id":"https:\/\/axisafricasafaris.com\/de\/touren-suchen\/#breadcrumb"},"inLanguage":"de","potentialAction":[{"@type":"ReadAction","target":["https:\/\/axisafricasafaris.com\/de\/touren-suchen\/"]}]},{"@type":"BreadcrumbList","@id":"https:\/\/axisafricasafaris.com\/de\/touren-suchen\/#breadcrumb","itemListElement":[{"@type":"ListItem","position":1,"name":"Home","item":"https:\/\/axisafricasafaris.com\/de\/homepage\/"},{"@type":"ListItem","position":2,"name":"Touren suchen"}]},{"@type":"WebSite","@id":"https:\/\/axisafricasafaris.com\/#website","url":"https:\/\/axisafricasafaris.com\/","name":"Axis Africa Safaris","description":"Axis Africa Safaris","publisher":{"@id":"https:\/\/axisafricasafaris.com\/#organization"},"potentialAction":[{"@type":"SearchAction","target":{"@type":"EntryPoint","urlTemplate":"https:\/\/axisafricasafaris.com\/?s={search_term_string}"},"query-input":{"@type":"PropertyValueSpecification","valueRequired":true,"valueName":"search_term_string"}}],"inLanguage":"de"},{"@type":"Organization","@id":"https:\/\/axisafricasafaris.com\/#organization","name":"Axis Africa Safaris","url":"https:\/\/axisafricasafaris.com\/","logo":{"@type":"ImageObject","inLanguage":"de","@id":"https:\/\/axisafricasafaris.com\/#\/schema\/logo\/image\/","url":"https:\/\/axisafricasafaris.com\/wp-content\/uploads\/2024\/07\/Axis-Africa-safaris-logo.png","contentUrl":"https:\/\/axisafricasafaris.com\/wp-content\/uploads\/2024\/07\/Axis-Africa-safaris-logo.png","width":383,"height":88,"caption":"Axis Africa Safaris"},"image":{"@id":"https:\/\/axisafricasafaris.com\/#\/schema\/logo\/image\/"},"sameAs":["https:\/\/www.facebook.com\/people\/AXIS-Africa-Safaris\/100063579925901\/"]}]}},"_links":{"self":[{"href":"https:\/\/axisafricasafaris.com\/de\/wp-json\/wp\/v2\/pages\/29311","targetHints":{"allow":["GET"]}}],"collection":[{"href":"https:\/\/axisafricasafaris.com\/de\/wp-json\/wp\/v2\/pages"}],"about":[{"href":"https:\/\/axisafricasafaris.com\/de\/wp-json\/wp\/v2\/types\/page"}],"author":[{"embeddable":true,"href":"https:\/\/axisafricasafaris.com\/de\/wp-json\/wp\/v2\/users\/1"}],"replies":[{"embeddable":true,"href":"https:\/\/axisafricasafaris.com\/de\/wp-json\/wp\/v2\/comments?post=29311"}],"version-history":[{"count":3,"href":"https:\/\/axisafricasafaris.com\/de\/wp-json\/wp\/v2\/pages\/29311\/revisions"}],"predecessor-version":[{"id":29318,"href":"https:\/\/axisafricasafaris.com\/de\/wp-json\/wp\/v2\/pages\/29311\/revisions\/29318"}],"wp:attachment":[{"href":"https:\/\/axisafricasafaris.com\/de\/wp-json\/wp\/v2\/media?parent=29311"}],"curies":[{"name":"wp","href":"https:\/\/api.w.org\/{rel}","templated":true}]}}